{"id":9,"date":"2025-11-03T13:32:24","date_gmt":"2025-11-03T12:32:24","guid":{"rendered":"https:\/\/aronlucas.pl\/?page_id=9"},"modified":"2025-11-04T13:30:02","modified_gmt":"2025-11-04T12:30:02","slug":"aron-lucas","status":"publish","type":"page","link":"https:\/\/aronlucas.pl\/","title":{"rendered":"Aron Lucas"},"content":{"rendered":"\t\t<div data-elementor-type=\"wp-page\" data-elementor-id=\"9\" class=\"elementor elementor-9\">\n\t\t\t\t<div class=\"elementor-element elementor-element-b0c6629 e-grid e-con-boxed e-con e-parent\" data-id=\"b0c6629\" data-element_type=\"container\" data-settings=\"{&quot;background_background&quot;:&quot;classic&quot;}\">\n\t\t\t\t\t<div class=\"e-con-inner\">\n\t\t\t\t<div class=\"elementor-element elementor-element-ebfd052 elementor-widget elementor-widget-image\" data-id=\"ebfd052\" data-element_type=\"widget\" data-widget_type=\"image.default\">\n\t\t\t\t\t\t\t\t\t\t\t\t\t\t\t\t<a href=\"https:\/\/aronlucas.pl\/wp-content\/uploads\/2025\/11\/Aron-Lucas.png\" data-elementor-open-lightbox=\"yes\" data-elementor-lightbox-title=\"Aron Lucas\" data-e-action-hash=\"#elementor-action%3Aaction%3Dlightbox%26settings%3DeyJpZCI6MTQwLCJ1cmwiOiJodHRwczpcL1wvYXJvbmx1Y2FzLnBsXC93cC1jb250ZW50XC91cGxvYWRzXC8yMDI1XC8xMVwvQXJvbi1MdWNhcy53ZWJwIn0%3D\">\n\t\t\t\t\t\t\t<img decoding=\"async\" src=\"https:\/\/aronlucas.pl\/wp-content\/uploads\/elementor\/thumbs\/Aron-Lucas-re7k4oz53o562wqmyir1tfr7bltreip0sapurjelei.webp\" title=\"Aron Lucas\" alt=\"Aron Lucas\" loading=\"lazy\" \/>\t\t\t\t\t\t\t\t<\/a>\n\t\t\t\t\t\t\t\t\t\t\t\t\t\t\t<\/div>\n\t\t\t\t<div class=\"elementor-element elementor-element-4db39f8 elementor-widget elementor-widget-heading\" data-id=\"4db39f8\" data-element_type=\"widget\" data-widget_type=\"heading.default\">\n\t\t\t\t\t<h2 class=\"elementor-heading-title elementor-size-default\">Aron Lucas<\/h2>\t\t\t\t<\/div>\n\t\t\t\t<div class=\"elementor-element elementor-element-f9a7e06 elementor-widget elementor-widget-text-editor\" data-id=\"f9a7e06\" data-element_type=\"widget\" data-widget_type=\"text-editor.default\">\n\t\t\t\t\t\t\t\t\t<p>Pomagam by\u0107 lepsz\u0105 wersj\u0105 siebie <br \/>na co dzie\u0144. <br \/>\ud83d\udcf6 Rozw\u00f3j \ud83d\udcaa Motywacja<br \/>\ud83c\udf4c Zdrowa \u017cywno\u015b\u0107<br \/>\ud83c\udfa7 Muzyka \ud83c\udf81 Darmowe szkolenia<br \/>\u2b07\ufe0f \ud83d\udc47 Zgarnij i zacznij dzia\u0142a\u0107!<\/p>\t\t\t\t\t\t\t\t<\/div>\n\t\t\t\t\t<\/div>\n\t\t\t\t<\/div>\n\t\t<div class=\"elementor-element elementor-element-7097df6 e-flex e-con-boxed e-con e-parent\" data-id=\"7097df6\" data-element_type=\"container\">\n\t\t\t\t\t<div class=\"e-con-inner\">\n\t\t\t\t<div class=\"elementor-element elementor-element-663a86d elementor-view-default elementor-widget elementor-widget-icon\" data-id=\"663a86d\" data-element_type=\"widget\" data-widget_type=\"icon.default\">\n\t\t\t\t\t\t\t<div class=\"elementor-icon-wrapper\">\n\t\t\t<a class=\"elementor-icon\" href=\"https:\/\/www.facebook.com\/aronlucaspl\">\n\t\t\t<svg aria-hidden=\"true\" class=\"e-font-icon-svg e-fab-facebook-f\" viewBox=\"0 0 320 512\" xmlns=\"http:\/\/www.w3.org\/2000\/svg\"><path d=\"M279.14 288l14.22-92.66h-88.91v-60.13c0-25.35 12.42-50.06 52.24-50.06h40.42V6.26S260.43 0 225.36 0c-73.22 0-121.08 44.38-121.08 124.72v70.62H22.89V288h81.39v224h100.17V288z\"><\/path><\/svg>\t\t\t<\/a>\n\t\t<\/div>\n\t\t\t\t\t\t<\/div>\n\t\t\t\t<div class=\"elementor-element elementor-element-8c87833 elementor-view-default elementor-widget elementor-widget-icon\" data-id=\"8c87833\" data-element_type=\"widget\" data-widget_type=\"icon.default\">\n\t\t\t\t\t\t\t<div class=\"elementor-icon-wrapper\">\n\t\t\t<a class=\"elementor-icon\" href=\"https:\/\/www.instagram.com\/aronlucaspl\">\n\t\t\t<svg aria-hidden=\"true\" class=\"e-font-icon-svg e-fab-instagram\" viewBox=\"0 0 448 512\" xmlns=\"http:\/\/www.w3.org\/2000\/svg\"><path d=\"M224.1 141c-63.6 0-114.9 51.3-114.9 114.9s51.3 114.9 114.9 114.9S339 319.5 339 255.9 287.7 141 224.1 141zm0 189.6c-41.1 0-74.7-33.5-74.7-74.7s33.5-74.7 74.7-74.7 74.7 33.5 74.7 74.7-33.6 74.7-74.7 74.7zm146.4-194.3c0 14.9-12 26.8-26.8 26.8-14.9 0-26.8-12-26.8-26.8s12-26.8 26.8-26.8 26.8 12 26.8 26.8zm76.1 27.2c-1.7-35.9-9.9-67.7-36.2-93.9-26.2-26.2-58-34.4-93.9-36.2-37-2.1-147.9-2.1-184.9 0-35.8 1.7-67.6 9.9-93.9 36.1s-34.4 58-36.2 93.9c-2.1 37-2.1 147.9 0 184.9 1.7 35.9 9.9 67.7 36.2 93.9s58 34.4 93.9 36.2c37 2.1 147.9 2.1 184.9 0 35.9-1.7 67.7-9.9 93.9-36.2 26.2-26.2 34.4-58 36.2-93.9 2.1-37 2.1-147.8 0-184.8zM398.8 388c-7.8 19.6-22.9 34.7-42.6 42.6-29.5 11.7-99.5 9-132.1 9s-102.7 2.6-132.1-9c-19.6-7.8-34.7-22.9-42.6-42.6-11.7-29.5-9-99.5-9-132.1s-2.6-102.7 9-132.1c7.8-19.6 22.9-34.7 42.6-42.6 29.5-11.7 99.5-9 132.1-9s102.7-2.6 132.1 9c19.6 7.8 34.7 22.9 42.6 42.6 11.7 29.5 9 99.5 9 132.1s2.7 102.7-9 132.1z\"><\/path><\/svg>\t\t\t<\/a>\n\t\t<\/div>\n\t\t\t\t\t\t<\/div>\n\t\t\t\t<div class=\"elementor-element elementor-element-b8f8a0a elementor-view-default elementor-widget elementor-widget-icon\" data-id=\"b8f8a0a\" data-element_type=\"widget\" data-widget_type=\"icon.default\">\n\t\t\t\t\t\t\t<div class=\"elementor-icon-wrapper\">\n\t\t\t<a class=\"elementor-icon\" href=\"https:\/\/www.tiktok.com\/@aronlucaspl\">\n\t\t\t<svg aria-hidden=\"true\" class=\"e-font-icon-svg e-fab-tiktok\" viewBox=\"0 0 448 512\" xmlns=\"http:\/\/www.w3.org\/2000\/svg\"><path d=\"M448,209.91a210.06,210.06,0,0,1-122.77-39.25V349.38A162.55,162.55,0,1,1,185,188.31V278.2a74.62,74.62,0,1,0,52.23,71.18V0l88,0a121.18,121.18,0,0,0,1.86,22.17h0A122.18,122.18,0,0,0,381,102.39a121.43,121.43,0,0,0,67,20.14Z\"><\/path><\/svg>\t\t\t<\/a>\n\t\t<\/div>\n\t\t\t\t\t\t<\/div>\n\t\t\t\t<div class=\"elementor-element elementor-element-2c9b4c3 elementor-view-default elementor-widget elementor-widget-icon\" data-id=\"2c9b4c3\" data-element_type=\"widget\" data-widget_type=\"icon.default\">\n\t\t\t\t\t\t\t<div class=\"elementor-icon-wrapper\">\n\t\t\t<div class=\"elementor-icon\">\n\t\t\t<svg aria-hidden=\"true\" class=\"e-font-icon-svg e-fab-youtube\" viewBox=\"0 0 576 512\" xmlns=\"http:\/\/www.w3.org\/2000\/svg\"><path d=\"M549.655 124.083c-6.281-23.65-24.787-42.276-48.284-48.597C458.781 64 288 64 288 64S117.22 64 74.629 75.486c-23.497 6.322-42.003 24.947-48.284 48.597-11.412 42.867-11.412 132.305-11.412 132.305s0 89.438 11.412 132.305c6.281 23.65 24.787 41.5 48.284 47.821C117.22 448 288 448 288 448s170.78 0 213.371-11.486c23.497-6.321 42.003-24.171 48.284-47.821 11.412-42.867 11.412-132.305 11.412-132.305s0-89.438-11.412-132.305zm-317.51 213.508V175.185l142.739 81.205-142.739 81.201z\"><\/path><\/svg>\t\t\t<\/div>\n\t\t<\/div>\n\t\t\t\t\t\t<\/div>\n\t\t\t\t\t<\/div>\n\t\t\t\t<\/div>\n\t\t<div class=\"elementor-element elementor-element-ff4d5d6 e-flex e-con-boxed e-con e-parent\" data-id=\"ff4d5d6\" data-element_type=\"container\">\n\t\t\t\t\t<div class=\"e-con-inner\">\n\t\t\t\t<div class=\"elementor-element elementor-element-e73c76c elementor-align-justify elementor-widget elementor-widget-button\" data-id=\"e73c76c\" data-element_type=\"widget\" data-widget_type=\"button.default\">\n\t\t\t\t\t\t\t\t\t\t<a class=\"elementor-button elementor-button-link elementor-size-sm\" href=\"https:\/\/lucas.juiceplus.com\/\" target=\"_blank\">\n\t\t\t\t\t\t<span class=\"elementor-button-content-wrapper\">\n\t\t\t\t\t\t\t\t\t<span class=\"elementor-button-text\">\ud83c\udf4e ZDROWA \u017bYWNO\u015a\u0106 FUNKCJONALNA<\/span>\n\t\t\t\t\t<\/span>\n\t\t\t\t\t<\/a>\n\t\t\t\t\t\t\t\t<\/div>\n\t\t\t\t<div class=\"elementor-element elementor-element-784ed43 elementor-align-justify elementor-widget elementor-widget-button\" data-id=\"784ed43\" data-element_type=\"widget\" data-widget_type=\"button.default\">\n\t\t\t\t\t\t\t\t\t\t<a class=\"elementor-button elementor-button-link elementor-size-sm\" href=\"https:\/\/aronlucas.pl\" target=\"_blank\">\n\t\t\t\t\t\t<span class=\"elementor-button-content-wrapper\">\n\t\t\t\t\t\t\t\t\t<span class=\"elementor-button-text\">\ud83d\udedc STRONY WWW I HOSTING<\/span>\n\t\t\t\t\t<\/span>\n\t\t\t\t\t<\/a>\n\t\t\t\t\t\t\t\t<\/div>\n\t\t\t\t<div class=\"elementor-element elementor-element-2e2fd74 elementor-align-justify elementor-widget elementor-widget-button\" data-id=\"2e2fd74\" data-element_type=\"widget\" data-widget_type=\"button.default\">\n\t\t\t\t\t\t\t\t\t\t<a class=\"elementor-button elementor-button-link elementor-size-sm\" href=\"https:\/\/aronlucas.pl\" target=\"_blank\">\n\t\t\t\t\t\t<span class=\"elementor-button-content-wrapper\">\n\t\t\t\t\t\t\t\t\t<span class=\"elementor-button-text\">\ud83c\udfa7 TEKSTY PIOSENEK<\/span>\n\t\t\t\t\t<\/span>\n\t\t\t\t\t<\/a>\n\t\t\t\t\t\t\t\t<\/div>\n\t\t\t\t\t<\/div>\n\t\t\t\t<\/div>\n\t\t<div class=\"elementor-element elementor-element-a9f0007 e-grid e-con-boxed e-con e-parent\" data-id=\"a9f0007\" data-element_type=\"container\">\n\t\t\t\t\t<div class=\"e-con-inner\">\n\t\t\t\t<div class=\"elementor-element elementor-element-edf8c43 elementor-widget elementor-widget-shortcode\" data-id=\"edf8c43\" data-element_type=\"widget\" data-widget_type=\"shortcode.default\">\n\t\t\t\t\t\t\t<div class=\"elementor-shortcode\">\n<div class=\"wpcf7 no-js\" id=\"wpcf7-f115-o1\" lang=\"pl-PL\" dir=\"ltr\" data-wpcf7-id=\"115\">\n<div class=\"screen-reader-response\"><p role=\"status\" aria-live=\"polite\" aria-atomic=\"true\"><\/p> <ul><\/ul><\/div>\n<form action=\"\/index.php\/wp-json\/wp\/v2\/pages\/9#wpcf7-f115-o1\" method=\"post\" class=\"wpcf7-form init\" aria-label=\"Formularz kontaktowy\" novalidate=\"novalidate\" data-status=\"init\">\n<fieldset class=\"hidden-fields-container\"><input type=\"hidden\" name=\"_wpcf7\" value=\"115\" \/><input type=\"hidden\" name=\"_wpcf7_version\" value=\"6.1.3\" \/><input type=\"hidden\" name=\"_wpcf7_locale\" value=\"pl_PL\" \/><input type=\"hidden\" name=\"_wpcf7_unit_tag\" value=\"wpcf7-f115-o1\" \/><input type=\"hidden\" name=\"_wpcf7_container_post\" value=\"0\" \/><input type=\"hidden\" name=\"_wpcf7_posted_data_hash\" value=\"\" \/>\n<\/fieldset>\n<center>\n\t<p><label> Imi\u0119 i nazwisko (opcjonalnie)<br \/>\n<span class=\"wpcf7-form-control-wrap\" data-name=\"your-name\"><input size=\"40\" maxlength=\"400\" class=\"wpcf7-form-control wpcf7-text\" aria-invalid=\"false\" placeholder=\"Jan Kowalski\" value=\"\" type=\"text\" name=\"your-name\" \/><\/span><br \/>\n<\/label>\n\t<\/p>\n\t<p><label> Adres e-mail *<br \/>\n<span class=\"wpcf7-form-control-wrap\" data-name=\"your-email\"><input size=\"40\" maxlength=\"400\" class=\"wpcf7-form-control wpcf7-email wpcf7-validates-as-required wpcf7-text wpcf7-validates-as-email\" aria-required=\"true\" aria-invalid=\"false\" placeholder=\"adres@domena.pl\" value=\"\" type=\"email\" name=\"your-email\" \/><\/span><br \/>\n<\/label>\n\t<\/p>\n\t<p><label> Telefon<br \/>\n<span class=\"wpcf7-form-control-wrap\" data-name=\"tel-366\"><input size=\"40\" maxlength=\"400\" class=\"wpcf7-form-control wpcf7-tel wpcf7-text wpcf7-validates-as-tel\" aria-invalid=\"false\" value=\"\" type=\"tel\" name=\"tel-366\" \/><\/span><br \/>\n<\/label>\n\t<\/p>\n\t<p><label> Temat *<br \/>\n<span class=\"wpcf7-form-control-wrap\" data-name=\"your-subject\"><input size=\"40\" maxlength=\"400\" class=\"wpcf7-form-control wpcf7-text wpcf7-validates-as-required\" aria-required=\"true\" aria-invalid=\"false\" placeholder=\"Temat wiadomo\u015bci\" value=\"\" type=\"text\" name=\"your-subject\" \/><\/span><br \/>\n<\/label>\n\t<\/p>\n\t<p><label> Wiadomo\u015b\u0107 *<br \/>\n<span class=\"wpcf7-form-control-wrap\" data-name=\"your-message\"><textarea cols=\"40\" rows=\"10\" maxlength=\"2000\" class=\"wpcf7-form-control wpcf7-textarea wpcf7-validates-as-required\" aria-required=\"true\" aria-invalid=\"false\" placeholder=\"Tre\u015b\u0107 wiadomo\u015bci...\" name=\"your-message\"><\/textarea><\/span><br \/>\n<\/label>\n\t<\/p>\n\t<p><label class=\"rodo-checkbox\"><br \/>\n<span class=\"wpcf7-form-control-wrap\" data-name=\"acceptance-204\"><span class=\"wpcf7-form-control wpcf7-acceptance optional\"><span class=\"wpcf7-list-item\"><input type=\"checkbox\" name=\"acceptance-204\" value=\"1\" aria-invalid=\"false\" \/><\/span><\/span><\/span> Wyra\u017cam zgod\u0119 na przetwarzanie moich danych osobowych przez [nazwa firmy \/ administrator danych] w celu udzielenia odpowiedzi na przes\u0142ane zapytanie. Dane nie b\u0119d\u0105 udost\u0119pniane podmiotom trzecim, chyba \u017ce b\u0119dzie to niezb\u0119dne do realizacji tego celu. Wi\u0119cej informacji znajduje si\u0119 w <a href=\"\/polityka-prywatnosci\" target=\"_blank\">Polityce prywatno\u015bci<\/a>.<br \/>\n<\/label>\n\t<\/p>\n\t<p><input class=\"wpcf7-form-control wpcf7-submit has-spinner\" type=\"submit\" value=\"Wy\u015blij wiadomo\u015b\u0107\" \/>\n\t<\/p>\n<\/center><div class=\"wpcf7-response-output\" aria-hidden=\"true\"><\/div>\n<\/form>\n<\/div>\n<\/div>\n\t\t\t\t\t\t<\/div>\n\t\t\t\t\t<\/div>\n\t\t\t\t<\/div>\n\t\t\t\t<\/div>\n\t\t","protected":false},"excerpt":{"rendered":"<p>Aron Lucas Pomagam by\u0107 lepsz\u0105 wersj\u0105 siebie na co dzie\u0144. &#x1f4f6; Rozw\u00f3j &#x1f4aa; Motywacja&#x1f34c; Zdrowa \u017cywno\u015b\u0107&#x1f3a7; Muzyka &#x1f381; Darmowe szkolenia&#x2b07;&#xfe0f; &#x1f447; Zgarnij i zacznij dzia\u0142a\u0107! &#x1f34e; ZDROWA \u017bYWNO\u015a\u0106 FUNKCJONALNA &#x1f6dc; STRONY WWW I HOSTING &#x1f3a7; TEKSTY PIOSENEK<\/p>\n","protected":false},"author":1,"featured_media":0,"parent":0,"menu_order":0,"comment_status":"closed","ping_status":"closed","template":"elementor_canvas","meta":{"footnotes":""},"class_list":["post-9","page","type-page","status-publish","hentry"],"_links":{"self":[{"href":"https:\/\/aronlucas.pl\/index.php\/wp-json\/wp\/v2\/pages\/9","targetHints":{"allow":["GET"]}}],"collection":[{"href":"https:\/\/aronlucas.pl\/index.php\/wp-json\/wp\/v2\/pages"}],"about":[{"href":"https:\/\/aronlucas.pl\/index.php\/wp-json\/wp\/v2\/types\/page"}],"author":[{"embeddable":true,"href":"https:\/\/aronlucas.pl\/index.php\/wp-json\/wp\/v2\/users\/1"}],"replies":[{"embeddable":true,"href":"https:\/\/aronlucas.pl\/index.php\/wp-json\/wp\/v2\/comments?post=9"}],"version-history":[{"count":124,"href":"https:\/\/aronlucas.pl\/index.php\/wp-json\/wp\/v2\/pages\/9\/revisions"}],"predecessor-version":[{"id":162,"href":"https:\/\/aronlucas.pl\/index.php\/wp-json\/wp\/v2\/pages\/9\/revisions\/162"}],"wp:attachment":[{"href":"https:\/\/aronlucas.pl\/index.php\/wp-json\/wp\/v2\/media?parent=9"}],"curies":[{"name":"wp","href":"https:\/\/api.w.org\/{rel}","templated":true}]}}